{"id":149,"date":"2025-01-30T09:39:21","date_gmt":"2025-01-30T09:39:21","guid":{"rendered":"https:\/\/akkohouse.com\/?page_id=149"},"modified":"2025-10-31T14:03:04","modified_gmt":"2025-10-31T14:03:04","slug":"contact","status":"publish","type":"page","link":"https:\/\/akkohouse.com\/en\/contact\/","title":{"rendered":"Contact"},"content":{"rendered":"<div data-elementor-type=\"wp-page\" data-elementor-id=\"149\" class=\"elementor elementor-149\" data-elementor-post-type=\"page\">\n\t\t\t\t<div class=\"elementor-element elementor-element-ae0038b e-flex e-con-boxed e-con e-parent\" data-id=\"ae0038b\" data-element_type=\"container\" data-e-type=\"container\">\n\t\t\t\t\t<div class=\"e-con-inner\">\n\t\t<div class=\"elementor-element elementor-element-f27335f e-con-full e-flex e-con e-child\" data-id=\"f27335f\" data-element_type=\"container\" data-e-type=\"container\">\n\t\t\t\t<div class=\"elementor-element elementor-element-a1b5992 elementor-widget__width-inherit elementor-widget-laptop__width-initial elementor-widget elementor-widget-image\" data-id=\"a1b5992\" data-element_type=\"widget\" data-e-type=\"widget\" data-widget_type=\"image.default\">\n\t\t\t\t<div class=\"elementor-widget-container\">\n\t\t\t\t\t\t\t\t\t\t\t\t\t\t\t<img fetchpriority=\"high\" decoding=\"async\" width=\"600\" height=\"368\" src=\"https:\/\/akkohouse.com\/wp-content\/uploads\/2025\/02\/IMG_3484_sw_profil.jpg\" class=\"attachment-full size-full wp-image-469\" alt=\"\" srcset=\"https:\/\/akkohouse.com\/wp-content\/uploads\/2025\/02\/IMG_3484_sw_profil.jpg 600w, https:\/\/akkohouse.com\/wp-content\/uploads\/2025\/02\/IMG_3484_sw_profil-300x184.jpg 300w\" sizes=\"(max-width: 600px) 100vw, 600px\" \/>\t\t\t\t\t\t\t\t\t\t\t\t\t\t\t<\/div>\n\t\t\t\t<\/div>\n\t\t\t\t<div class=\"elementor-element elementor-element-8c9f41b elementor-widget elementor-widget-spacer\" data-id=\"8c9f41b\" data-element_type=\"widget\" data-e-type=\"widget\" data-widget_type=\"spacer.default\">\n\t\t\t\t<div class=\"elementor-widget-container\">\n\t\t\t\t\t\t\t<div class=\"elementor-spacer\">\n\t\t\t<div class=\"elementor-spacer-inner\"><\/div>\n\t\t<\/div>\n\t\t\t\t\t\t<\/div>\n\t\t\t\t<\/div>\n\t\t\t\t<div class=\"elementor-element elementor-element-6a04808 elementor-widget elementor-widget-heading\" data-id=\"6a04808\" data-element_type=\"widget\" data-e-type=\"widget\" data-widget_type=\"heading.default\">\n\t\t\t\t<div class=\"elementor-widget-container\">\n\t\t\t\t\t<h3 class=\"elementor-heading-title elementor-size-default\">Reserve your dream flat or shared room now!<\/h3>\t\t\t\t<\/div>\n\t\t\t\t<\/div>\n\t\t\t\t<div class=\"elementor-element elementor-element-2d8bf19 elementor-widget elementor-widget-spacer\" data-id=\"2d8bf19\" data-element_type=\"widget\" data-e-type=\"widget\" data-widget_type=\"spacer.default\">\n\t\t\t\t<div class=\"elementor-widget-container\">\n\t\t\t\t\t\t\t<div class=\"elementor-spacer\">\n\t\t\t<div class=\"elementor-spacer-inner\"><\/div>\n\t\t<\/div>\n\t\t\t\t\t\t<\/div>\n\t\t\t\t<\/div>\n\t\t\t\t<\/div>\n\t\t<div class=\"elementor-element elementor-element-8472015 e-con-full e-flex e-con e-child\" data-id=\"8472015\" data-element_type=\"container\" data-e-type=\"container\">\n\t\t\t\t<div class=\"elementor-element elementor-element-be95d13 elementor-widget elementor-widget-shortcode\" data-id=\"be95d13\" data-element_type=\"widget\" data-e-type=\"widget\" data-widget_type=\"shortcode.default\">\n\t\t\t\t<div class=\"elementor-widget-container\">\n\t\t\t\t\t\t\t<div class=\"elementor-shortcode\">\n<div class=\"wpcf7 no-js\" id=\"wpcf7-f2120-o1\" lang=\"de-DE\" dir=\"ltr\" data-wpcf7-id=\"2120\">\n<div class=\"screen-reader-response\"><p role=\"status\" aria-live=\"polite\" aria-atomic=\"true\"><\/p> <ul><\/ul><\/div>\n<form action=\"\/en\/wp-json\/wp\/v2\/pages\/149#wpcf7-f2120-o1\" method=\"post\" class=\"wpcf7-form init\" aria-label=\"Kontaktformular\" novalidate=\"novalidate\" data-status=\"init\" data-trp-original-action=\"\/en\/wp-json\/wp\/v2\/pages\/149#wpcf7-f2120-o1\">\n<fieldset class=\"hidden-fields-container\"><input type=\"hidden\" name=\"_wpcf7\" value=\"2120\" \/><input type=\"hidden\" name=\"_wpcf7_version\" value=\"6.1.5\" \/><input type=\"hidden\" name=\"_wpcf7_locale\" value=\"de_DE\" \/><input type=\"hidden\" name=\"_wpcf7_unit_tag\" value=\"wpcf7-f2120-o1\" \/><input type=\"hidden\" name=\"_wpcf7_container_post\" value=\"0\" \/><input type=\"hidden\" name=\"_wpcf7_posted_data_hash\" value=\"\" \/>\n<\/fieldset>\n<p><strong>Your contact details<\/strong>\n<\/p>\n<p>first name<br \/>\n<span class=\"wpcf7-form-control-wrap\" data-name=\"vorname\"><input size=\"40\" maxlength=\"400\" class=\"wpcf7-form-control wpcf7-text wpcf7-validates-as-required\" aria-required=\"true\" aria-invalid=\"false\" placeholder=\"first name\" value=\"\" type=\"text\" name=\"vorname\" \/><\/span>\n<\/p>\n<p>surname<br \/>\n<span class=\"wpcf7-form-control-wrap\" data-name=\"nachname\"><input size=\"40\" maxlength=\"400\" class=\"wpcf7-form-control wpcf7-text wpcf7-validates-as-required\" aria-required=\"true\" aria-invalid=\"false\" placeholder=\"surname\" value=\"\" type=\"text\" name=\"nachname\" \/><\/span>\n<\/p>\n<p>Your e-mail adress<br \/>\n<span class=\"wpcf7-form-control-wrap\" data-name=\"e-mail\"><input size=\"40\" maxlength=\"400\" class=\"wpcf7-form-control wpcf7-text wpcf7-validates-as-required\" aria-required=\"true\" aria-invalid=\"false\" placeholder=\"e-mail\" value=\"\" type=\"text\" name=\"e-mail\" \/><\/span>\n<\/p>\n<p>Your telephone number:<br \/>\n<span class=\"wpcf7-form-control-wrap\" data-name=\"telefon\"><input size=\"40\" maxlength=\"400\" class=\"wpcf7-form-control wpcf7-text wpcf7-validates-as-required\" aria-required=\"true\" aria-invalid=\"false\" placeholder=\"Your telephone number:\" value=\"\" type=\"text\" name=\"telefon\" \/><\/span>\n<\/p>\n<p><strong>About you<\/strong>\n<\/p>\n<p>Age<br \/>\n<span class=\"wpcf7-form-control-wrap\" data-name=\"alter\"><input size=\"40\" maxlength=\"400\" class=\"wpcf7-form-control wpcf7-text wpcf7-validates-as-required\" aria-required=\"true\" aria-invalid=\"false\" placeholder=\"Age\" value=\"\" type=\"text\" name=\"alter\" \/><\/span>\n<\/p>\n<p>Date of birth:<br \/>\n<span class=\"wpcf7-form-control-wrap\" data-name=\"geburtsdatum\"><input size=\"40\" maxlength=\"400\" class=\"wpcf7-form-control wpcf7-text wpcf7-validates-as-required\" aria-required=\"true\" aria-invalid=\"false\" placeholder=\"Date of birth:\" value=\"\" type=\"text\" name=\"geburtsdatum\" \/><\/span>\n<\/p>\n<p><strong>Gender<\/strong>\n<\/p>\n<p><span class=\"wpcf7-form-control-wrap\" data-name=\"geschlecht\"><span class=\"wpcf7-form-control wpcf7-checkbox wpcf7-validates-as-required\"><span class=\"wpcf7-list-item first\"><input type=\"checkbox\" name=\"geschlecht[]\" value=\"M\u00e4nnlich\" \/><span class=\"wpcf7-list-item-label\">Male<\/span><\/span><span class=\"wpcf7-list-item\"><input type=\"checkbox\" name=\"geschlecht[]\" value=\"Weiblich\" \/><span class=\"wpcf7-list-item-label\">Female<\/span><\/span><span class=\"wpcf7-list-item last\"><input type=\"checkbox\" name=\"geschlecht[]\" value=\"Divers\" \/><span class=\"wpcf7-list-item-label\">Various<\/span><\/span><\/span><\/span>\n<\/p>\n<p><strong>course of study<\/strong>\n<\/p>\n<p>Field of study\/degree programme:<br \/>\n<span class=\"wpcf7-form-control-wrap\" data-name=\"studiengang\"><input size=\"40\" maxlength=\"400\" class=\"wpcf7-form-control wpcf7-text wpcf7-validates-as-required\" aria-required=\"true\" aria-invalid=\"false\" placeholder=\"z.B. BWL\" value=\"\" type=\"text\" name=\"studiengang\" \/><\/span>\n<\/p>\n<p>College\/University:<br \/>\n<span class=\"wpcf7-form-control-wrap\" data-name=\"hochschule\"><input size=\"40\" maxlength=\"400\" class=\"wpcf7-form-control wpcf7-text wpcf7-validates-as-required\" aria-required=\"true\" aria-invalid=\"false\" placeholder=\"z.B. RWTH Aachen\" value=\"\" type=\"text\" name=\"hochschule\" \/><\/span>\n<\/p>\n<p><strong>preferences<\/strong>\n<\/p>\n<p><span class=\"wpcf7-form-control-wrap\" data-name=\"praeferenzen\"><span class=\"wpcf7-form-control wpcf7-checkbox wpcf7-validates-as-required\"><span class=\"wpcf7-list-item first\"><input type=\"checkbox\" name=\"praeferenzen[]\" value=\"nur Frauen\" \/><span class=\"wpcf7-list-item-label\">women only<\/span><\/span><span class=\"wpcf7-list-item\"><input type=\"checkbox\" name=\"praeferenzen[]\" value=\"nur M\u00e4nner\" \/><span class=\"wpcf7-list-item-label\">men only<\/span><\/span><span class=\"wpcf7-list-item last\"><input type=\"checkbox\" name=\"praeferenzen[]\" value=\"egal\" \/><span class=\"wpcf7-list-item-label\">no matter<\/span><\/span><\/span><\/span>\n<\/p>\n<p><strong>Lifestyle &amp; Habits<\/strong>\n<\/p>\n<p>How would you describe your lifestyle?\n<\/p>\n<p><span class=\"wpcf7-form-control-wrap\" data-name=\"lebensstil\"><span class=\"wpcf7-form-control wpcf7-checkbox wpcf7-validates-as-required\"><span class=\"wpcf7-list-item first\"><input type=\"checkbox\" name=\"lebensstil[]\" value=\"Ruhig und introvertiert\" \/><span class=\"wpcf7-list-item-label\">Calm and introverted<\/span><\/span><span class=\"wpcf7-list-item\"><input type=\"checkbox\" name=\"lebensstil[]\" value=\"Gesellig und extrovertiert\" \/><span class=\"wpcf7-list-item-label\">Sociable and outgoing<\/span><\/span><span class=\"wpcf7-list-item last\"><input type=\"checkbox\" name=\"lebensstil[]\" value=\"Eine Mischung aus beidem\" \/><span class=\"wpcf7-list-item-label\">A mixture of both<\/span><\/span><\/span><\/span>\n<\/p>\n<p>Are you a smoker?\n<\/p>\n<p><span class=\"wpcf7-form-control-wrap\" data-name=\"raucher\"><span class=\"wpcf7-form-control wpcf7-checkbox wpcf7-validates-as-required\"><span class=\"wpcf7-list-item first\"><input type=\"checkbox\" name=\"raucher[]\" value=\"Ja\" \/><span class=\"wpcf7-list-item-label\">Yes<\/span><\/span><span class=\"wpcf7-list-item last\"><input type=\"checkbox\" name=\"raucher[]\" value=\"Nein\" \/><span class=\"wpcf7-list-item-label\">No<\/span><\/span><\/span><\/span>\n<\/p>\n<p><strong>Flat<\/strong>\n<\/p>\n<p>At AKKO HOUSE, we offer three bespoke furnishing options to ensure that<br \/>\nFeel at home in your new home. Choose the option that best suits your needs.<br \/>\nSuits your lifestyle.\n<\/p>\n<p><span class=\"wpcf7-form-control-wrap\" data-name=\"variante\"><span class=\"wpcf7-form-control wpcf7-checkbox wpcf7-validates-as-required\"><span class=\"wpcf7-list-item first\"><input type=\"checkbox\" name=\"variante[]\" value=\"Basic: Teilweise m\u00f6bliert mit den wichtigsten M\u00f6beln und einer funktionalen K\u00fcche\u2013 ideal f\u00fcr Studenten, die ihre Wohnung individuell gestalten m\u00f6chten\" \/><span class=\"wpcf7-list-item-label\">Basic: Partially furnished with essential furniture and a functional kitchen\n\u2013 ideal for students who want to personalise their flat<\/span><\/span><span class=\"wpcf7-list-item\"><input type=\"checkbox\" name=\"variante[]\" value=\"Komfort: Vollst\u00e4ndig m\u00f6bliert und mit zus\u00e4tzlichem Komfort ausgestattet,bietet diese Option alles, was Sie f\u00fcr ein komfortables Wohnen ben\u00f6tigen\" \/><span class=\"wpcf7-list-item-label\">Comfort: Fully furnished and equipped with additional comforts,\nthis option offers everything you need for comfortable living.<\/span><\/span><span class=\"wpcf7-list-item last\"><input type=\"checkbox\" name=\"variante[]\" value=\"Premium All-inclusive: Rundum sorglos mit allen Extras \u2013 inklusiveNebenkosten, Zubeh\u00f6r und Dekoration. Hier k\u00f6nnen Sie sofort einziehen und Ihrneues Zuhause ohne Aufwand genie\u00dfen.\" \/><span class=\"wpcf7-list-item-label\">Premium all-inclusive: completely carefree with all extras included \u2013\nadditional costs, accessories and decoration. You can move in immediately and\nenjoy your new home without any hassle.<\/span><\/span><\/span><\/span>\n<\/p>\n<p><strong>Preferred room size<\/strong>\n<\/p>\n<p><span class=\"wpcf7-form-control-wrap\" data-name=\"zimmergroesse\"><span class=\"wpcf7-form-control wpcf7-checkbox wpcf7-validates-as-required\"><span class=\"wpcf7-list-item first\"><input type=\"checkbox\" name=\"zimmergroesse[]\" value=\"Apartment\" \/><span class=\"wpcf7-list-item-label\">Flat<\/span><\/span><span class=\"wpcf7-list-item last\"><input type=\"checkbox\" name=\"zimmergroesse[]\" value=\"WG Zimmer\" \/><span class=\"wpcf7-list-item-label\">Shared flat room<\/span><\/span><\/span><\/span>\n<\/p>\n<p><strong>Monthly budget for rent<\/strong>\n<\/p>\n<p>Maximum rental price (including additional costs): <span class=\"wpcf7-form-control-wrap\" data-name=\"mietpreis\"><input class=\"wpcf7-form-control wpcf7-number wpcf7-validates-as-required wpcf7-validates-as-number\" aria-required=\"true\" aria-invalid=\"false\" placeholder=\"z.B. 800 \u20ac\" value=\"\" type=\"number\" name=\"mietpreis\" \/><\/span>\n<\/p>\n<p><strong>Desired rental period<\/strong>\n<\/p>\n<p>start date <span class=\"wpcf7-form-control-wrap\" data-name=\"mietbeginn\"><input class=\"wpcf7-form-control wpcf7-date wpcf7-validates-as-required wpcf7-validates-as-date\" aria-required=\"true\" aria-invalid=\"false\" value=\"\" type=\"date\" name=\"mietbeginn\" \/><\/span>\n<\/p>\n<p>end date <span class=\"wpcf7-form-control-wrap\" data-name=\"mietende\"><input class=\"wpcf7-form-control wpcf7-date wpcf7-validates-as-required wpcf7-validates-as-date\" aria-required=\"true\" aria-invalid=\"false\" value=\"\" type=\"date\" name=\"mietende\" \/><\/span>\n<\/p>\n<p><strong>Additional information<\/strong>\n<\/p>\n<p><span class=\"wpcf7-form-control-wrap\" data-name=\"bemerkungen\"><textarea cols=\"40\" rows=\"10\" maxlength=\"2000\" class=\"wpcf7-form-control wpcf7-textarea\" aria-invalid=\"false\" placeholder=\"Do you have any special requests or requirements (e.g. accessibility, balcony, etc.)?\" name=\"bemerkungen\"><\/textarea><\/span>\n<\/p>\n<p> Information on data protection.<br \/>\n<a href=\"\/en\/datenschutz\/\" target=\"_blank\">Privacy policy<\/a>\n<\/p>\n<p><input class=\"wpcf7-form-control wpcf7-submit has-spinner\" type=\"submit\" value=\"Send\" \/>\n<\/p><div class=\"wpcf7-response-output\" aria-hidden=\"true\"><\/div>\n<input type=\"hidden\" name=\"trp-form-language\" value=\"en\"\/><\/form>\n<\/div>\n<\/div>\n\t\t\t\t\t\t<\/div>\n\t\t\t\t<\/div>\n\t\t\t\t<\/div>\n\t\t\t\t\t<\/div>\n\t\t\t\t<\/div>\n\t\t\t\t<\/div>","protected":false},"excerpt":{"rendered":"<p>Reserve your dream flat or shared room now!<\/p>","protected":false},"author":1,"featured_media":0,"parent":0,"menu_order":0,"comment_status":"closed","ping_status":"closed","template":"","meta":{"footnotes":""},"class_list":["post-149","page","type-page","status-publish","hentry"],"yoast_head":"<!-- This site is optimized with the Yoast SEO plugin v27.3 - https:\/\/yoast.com\/product\/yoast-seo-wordpress\/ -->\n<title>Contact - AKKOHOUSE<\/title>\n<meta name=\"robots\" content=\"index, follow, max-snippet:-1, max-image-preview:large, max-video-preview:-1\" \/>\n<link rel=\"canonical\" href=\"https:\/\/akkohouse.com\/en\/contact\/\" \/>\n<meta property=\"og:locale\" content=\"en_GB\" \/>\n<meta property=\"og:type\" content=\"article\" \/>\n<meta property=\"og:title\" content=\"Contact - AKKOHOUSE\" \/>\n<meta property=\"og:description\" content=\"Jetzt schon deine Traumwohnung oder WG-Zimmer reservieren!\" \/>\n<meta property=\"og:url\" content=\"https:\/\/akkohouse.com\/en\/contact\/\" \/>\n<meta property=\"og:site_name\" content=\"AKKOHOUSE\" \/>\n<meta property=\"article:modified_time\" content=\"2025-10-31T14:03:04+00:00\" \/>\n<meta property=\"og:image\" content=\"https:\/\/akkohouse.com\/wp-content\/uploads\/2025\/02\/IMG_3484_sw_profil.jpg\" \/>\n\t<meta property=\"og:image:width\" content=\"600\" \/>\n\t<meta property=\"og:image:height\" content=\"368\" \/>\n\t<meta property=\"og:image:type\" content=\"image\/jpeg\" \/>\n<meta name=\"twitter:card\" content=\"summary_large_image\" \/>\n<script type=\"application\/ld+json\" class=\"yoast-schema-graph\">{\"@context\":\"https:\\\/\\\/schema.org\",\"@graph\":[{\"@type\":\"WebPage\",\"@id\":\"https:\\\/\\\/akkohouse.com\\\/contact\\\/\",\"url\":\"https:\\\/\\\/akkohouse.com\\\/contact\\\/\",\"name\":\"Contact - AKKOHOUSE\",\"isPartOf\":{\"@id\":\"https:\\\/\\\/akkohouse.com\\\/#website\"},\"primaryImageOfPage\":{\"@id\":\"https:\\\/\\\/akkohouse.com\\\/contact\\\/#primaryimage\"},\"image\":{\"@id\":\"https:\\\/\\\/akkohouse.com\\\/contact\\\/#primaryimage\"},\"thumbnailUrl\":\"https:\\\/\\\/akkohouse.com\\\/wp-content\\\/uploads\\\/2025\\\/02\\\/IMG_3484_sw_profil.jpg\",\"datePublished\":\"2025-01-30T09:39:21+00:00\",\"dateModified\":\"2025-10-31T14:03:04+00:00\",\"breadcrumb\":{\"@id\":\"https:\\\/\\\/akkohouse.com\\\/contact\\\/#breadcrumb\"},\"inLanguage\":\"en-GB\",\"potentialAction\":[{\"@type\":\"ReadAction\",\"target\":[\"https:\\\/\\\/akkohouse.com\\\/contact\\\/\"]}]},{\"@type\":\"ImageObject\",\"inLanguage\":\"en-GB\",\"@id\":\"https:\\\/\\\/akkohouse.com\\\/contact\\\/#primaryimage\",\"url\":\"https:\\\/\\\/akkohouse.com\\\/wp-content\\\/uploads\\\/2025\\\/02\\\/IMG_3484_sw_profil.jpg\",\"contentUrl\":\"https:\\\/\\\/akkohouse.com\\\/wp-content\\\/uploads\\\/2025\\\/02\\\/IMG_3484_sw_profil.jpg\"},{\"@type\":\"BreadcrumbList\",\"@id\":\"https:\\\/\\\/akkohouse.com\\\/contact\\\/#breadcrumb\",\"itemListElement\":[{\"@type\":\"ListItem\",\"position\":1,\"name\":\"Startseite\",\"item\":\"https:\\\/\\\/akkohouse.com\\\/\"},{\"@type\":\"ListItem\",\"position\":2,\"name\":\"Contact\"}]},{\"@type\":\"WebSite\",\"@id\":\"https:\\\/\\\/akkohouse.com\\\/#website\",\"url\":\"https:\\\/\\\/akkohouse.com\\\/\",\"name\":\"AKKOHOUSE\",\"description\":\"Zukunftorientiertes WG-Wohnen &amp; Studentenapartments\",\"potentialAction\":[{\"@type\":\"SearchAction\",\"target\":{\"@type\":\"EntryPoint\",\"urlTemplate\":\"https:\\\/\\\/akkohouse.com\\\/?s={search_term_string}\"},\"query-input\":{\"@type\":\"PropertyValueSpecification\",\"valueRequired\":true,\"valueName\":\"search_term_string\"}}],\"inLanguage\":\"en-GB\"}]}<\/script>\n<!-- \/ Yoast SEO plugin. -->","yoast_head_json":{"title":"Contact - AKKOHOUSE","robots":{"index":"index","follow":"follow","max-snippet":"max-snippet:-1","max-image-preview":"max-image-preview:large","max-video-preview":"max-video-preview:-1"},"canonical":"https:\/\/akkohouse.com\/en\/contact\/","og_locale":"en_GB","og_type":"article","og_title":"Contact - AKKOHOUSE","og_description":"Jetzt schon deine Traumwohnung oder WG-Zimmer reservieren!","og_url":"https:\/\/akkohouse.com\/en\/contact\/","og_site_name":"AKKOHOUSE","article_modified_time":"2025-10-31T14:03:04+00:00","og_image":[{"width":600,"height":368,"url":"https:\/\/akkohouse.com\/wp-content\/uploads\/2025\/02\/IMG_3484_sw_profil.jpg","type":"image\/jpeg"}],"twitter_card":"summary_large_image","schema":{"@context":"https:\/\/schema.org","@graph":[{"@type":"WebPage","@id":"https:\/\/akkohouse.com\/contact\/","url":"https:\/\/akkohouse.com\/contact\/","name":"Contact - AKKOHOUSE","isPartOf":{"@id":"https:\/\/akkohouse.com\/#website"},"primaryImageOfPage":{"@id":"https:\/\/akkohouse.com\/contact\/#primaryimage"},"image":{"@id":"https:\/\/akkohouse.com\/contact\/#primaryimage"},"thumbnailUrl":"https:\/\/akkohouse.com\/wp-content\/uploads\/2025\/02\/IMG_3484_sw_profil.jpg","datePublished":"2025-01-30T09:39:21+00:00","dateModified":"2025-10-31T14:03:04+00:00","breadcrumb":{"@id":"https:\/\/akkohouse.com\/contact\/#breadcrumb"},"inLanguage":"en-GB","potentialAction":[{"@type":"ReadAction","target":["https:\/\/akkohouse.com\/contact\/"]}]},{"@type":"ImageObject","inLanguage":"en-GB","@id":"https:\/\/akkohouse.com\/contact\/#primaryimage","url":"https:\/\/akkohouse.com\/wp-content\/uploads\/2025\/02\/IMG_3484_sw_profil.jpg","contentUrl":"https:\/\/akkohouse.com\/wp-content\/uploads\/2025\/02\/IMG_3484_sw_profil.jpg"},{"@type":"BreadcrumbList","@id":"https:\/\/akkohouse.com\/contact\/#breadcrumb","itemListElement":[{"@type":"ListItem","position":1,"name":"Startseite","item":"https:\/\/akkohouse.com\/"},{"@type":"ListItem","position":2,"name":"Contact"}]},{"@type":"WebSite","@id":"https:\/\/akkohouse.com\/#website","url":"https:\/\/akkohouse.com\/","name":"AKKOHOUSE","description":"Zukunftorientiertes WG-Wohnen &amp; Studentenapartments","potentialAction":[{"@type":"SearchAction","target":{"@type":"EntryPoint","urlTemplate":"https:\/\/akkohouse.com\/?s={search_term_string}"},"query-input":{"@type":"PropertyValueSpecification","valueRequired":true,"valueName":"search_term_string"}}],"inLanguage":"en-GB"}]}},"_links":{"self":[{"href":"https:\/\/akkohouse.com\/en\/wp-json\/wp\/v2\/pages\/149","targetHints":{"allow":["GET"]}}],"collection":[{"href":"https:\/\/akkohouse.com\/en\/wp-json\/wp\/v2\/pages"}],"about":[{"href":"https:\/\/akkohouse.com\/en\/wp-json\/wp\/v2\/types\/page"}],"author":[{"embeddable":true,"href":"https:\/\/akkohouse.com\/en\/wp-json\/wp\/v2\/users\/1"}],"replies":[{"embeddable":true,"href":"https:\/\/akkohouse.com\/en\/wp-json\/wp\/v2\/comments?post=149"}],"version-history":[{"count":13,"href":"https:\/\/akkohouse.com\/en\/wp-json\/wp\/v2\/pages\/149\/revisions"}],"predecessor-version":[{"id":2124,"href":"https:\/\/akkohouse.com\/en\/wp-json\/wp\/v2\/pages\/149\/revisions\/2124"}],"wp:attachment":[{"href":"https:\/\/akkohouse.com\/en\/wp-json\/wp\/v2\/media?parent=149"}],"curies":[{"name":"wp","href":"https:\/\/api.w.org\/{rel}","templated":true}]}}